{"id":365,"date":"2023-02-16T10:57:29","date_gmt":"2023-02-16T10:57:29","guid":{"rendered":"https:\/\/hangoutmooc.eu\/?page_id=365"},"modified":"2023-11-16T12:53:15","modified_gmt":"2023-11-16T12:53:15","slug":"library-of-digital-media-content","status":"publish","type":"page","link":"https:\/\/hangoutmooc.eu\/cs\/library-of-digital-media-content\/","title":{"rendered":"library of digital media content"},"content":{"rendered":"<div data-elementor-type=\"wp-page\" data-elementor-id=\"365\" class=\"elementor elementor-365\">\n\t\t\t\t\t\t<section class=\"elementor-section elementor-top-section elementor-element elementor-element-cce9d0a elementor-section-boxed elementor-section-height-default elementor-section-height-default\" data-id=\"cce9d0a\" data-element_type=\"section\">\n\t\t\t\t\t\t<div class=\"elementor-container elementor-column-gap-default\">\n\t\t\t\t\t<div class=\"elementor-column elementor-col-50 elementor-top-column elementor-element elementor-element-5abc6f3\" data-id=\"5abc6f3\" data-element_type=\"column\">\n\t\t\t<div class=\"elementor-widget-wrap elementor-element-populated\">\n\t\t\t\t\t\t<div class=\"elementor-element elementor-element-6b34975 elementor-widget elementor-widget-image\" data-id=\"6b34975\" data-element_type=\"widget\" data-widget_type=\"image.default\">\n\t\t\t\t<div class=\"elementor-widget-container\">\n\t\t\t\t\t\t\t\t\t\t\t\t\t\t<a href=\"https:\/\/hangoutmooc.eu\/cs\/\">\n\t\t\t\t\t\t\t<img decoding=\"async\" width=\"227\" height=\"150\" src=\"https:\/\/hangoutmooc.eu\/wp-content\/uploads\/2022\/11\/image-1.png\" class=\"attachment-large size-large wp-image-20\" alt=\"\" \/>\t\t\t\t\t\t\t\t<\/a>\n\t\t\t\t\t\t\t\t\t\t\t\t\t<\/div>\n\t\t\t\t<\/div>\n\t\t\t\t\t<\/div>\n\t\t<\/div>\n\t\t\t\t<div class=\"elementor-column elementor-col-50 elementor-top-column elementor-element elementor-element-1ea01c7\" data-id=\"1ea01c7\" data-element_type=\"column\">\n\t\t\t<div class=\"elementor-widget-wrap elementor-element-populated\">\n\t\t\t\t\t\t<div class=\"elementor-element elementor-element-3fdd76c elementor-widget elementor-widget-ekit-nav-menu\" data-id=\"3fdd76c\" data-element_type=\"widget\" data-widget_type=\"ekit-nav-menu.default\">\n\t\t\t\t<div class=\"elementor-widget-container\">\n\t\t\t\t\t<nav class=\"ekit-wid-con ekit_menu_responsive_tablet\" \n\t\t\tdata-hamburger-icon=\"\" \n\t\t\tdata-hamburger-icon-type=\"icon\" \n\t\t\tdata-responsive-breakpoint=\"1024\">\n\t\t\t            <button class=\"elementskit-menu-hamburger elementskit-menu-toggler\"  type=\"button\" aria-label=\"hamburger-icon\">\n                                    <span class=\"elementskit-menu-hamburger-icon\"><\/span><span class=\"elementskit-menu-hamburger-icon\"><\/span><span class=\"elementskit-menu-hamburger-icon\"><\/span>\n                            <\/button>\n            <div id=\"ekit-megamenu-main\" class=\"elementskit-menu-container elementskit-menu-offcanvas-elements elementskit-navbar-nav-default ekit-nav-menu-one-page-yes ekit-nav-dropdown-hover\"><ul id=\"menu-main\" class=\"elementskit-navbar-nav elementskit-menu-po-right submenu-click-on-icon\"><li id=\"menu-item-38\" class=\"menu-item menu-item-type-post_type menu-item-object-page menu-item-home menu-item-privacy-policy menu-item-38 nav-item elementskit-mobile-builder-content\" data-vertical-menu=\"750px\"><a href=\"https:\/\/hangoutmooc.eu\/cs\/\" class=\"ekit-menu-nav-link\">Dom\u016f<\/a><\/li>\n<li id=\"menu-item-70\" class=\"menu-item menu-item-type-custom menu-item-object-custom menu-item-70 nav-item elementskit-mobile-builder-content\" data-vertical-menu=\"750px\"><a href=\"https:\/\/hangoutmooc.eu\/cs\/#prt\" class=\"ekit-menu-nav-link\">V\u00fdsledky projektu<\/a><\/li>\n<li id=\"menu-item-78\" class=\"menu-item menu-item-type-custom menu-item-object-custom menu-item-78 nav-item elementskit-mobile-builder-content\" data-vertical-menu=\"750px\"><a href=\"http:\/\/hangout-project.eu\/\" class=\"ekit-menu-nav-link\">Projektov\u00e1 str\u00e1nka<\/a><\/li>\n<li id=\"menu-item-528\" class=\"menu-item menu-item-type-post_type menu-item-object-page menu-item-528 nav-item elementskit-mobile-builder-content\" data-vertical-menu=\"750px\"><a href=\"https:\/\/hangoutmooc.eu\/cs\/library-of-digital-media-content\/\" class=\"ekit-menu-nav-link\">Knihovna<\/a><\/li>\n<li id=\"menu-item-1616\" class=\"menu-item menu-item-type-post_type menu-item-object-page menu-item-has-children menu-item-1616 nav-item elementskit-dropdown-has relative_position elementskit-dropdown-menu-default_width elementskit-mobile-builder-content\" data-vertical-menu=\"750px\"><a href=\"https:\/\/hangoutmooc.eu\/cs\/courses-2\/\" class=\"ekit-menu-nav-link ekit-menu-dropdown-toggle\">V\u0161echny kurzy<i aria-hidden=\"true\" class=\"icon icon-down-arrow1 elementskit-submenu-indicator\"><\/i><\/a>\n<ul class=\"elementskit-dropdown elementskit-submenu-panel\">\n\t<li id=\"menu-item-1843\" class=\"menu-item menu-item-type-taxonomy menu-item-object-course_category menu-item-has-children menu-item-1843 nav-item elementskit-dropdown-has relative_position elementskit-dropdown-menu-default_width elementskit-mobile-builder-content\" data-vertical-menu=\"750px\"><a href=\"https:\/\/hangoutmooc.eu\/cs\/course-category\/60-sec-on\/\" class=\"dropdown-item\">60-seconds o\u2026<i aria-hidden=\"true\" class=\"icon icon-down-arrow1 elementskit-submenu-indicator\"><\/i><\/a>\n\t<ul class=\"elementskit-dropdown elementskit-submenu-panel\">\n\t\t<li id=\"menu-item-1844\" class=\"menu-item menu-item-type-post_type menu-item-object-lp_course menu-item-1844 nav-item elementskit-mobile-builder-content\" data-vertical-menu=\"750px\"><a href=\"https:\/\/hangoutmooc.eu\/cs\/course\/youth-mental-health-in-focus\/\" class=\"dropdown-item\">Du\u0161evn\u00ed zdrav\u00ed ml\u00e1de\u017ee ve st\u0159edu z\u00e1jmu<\/a>\t\t<li id=\"menu-item-1845\" class=\"menu-item menu-item-type-post_type menu-item-object-lp_course menu-item-1845 nav-item elementskit-mobile-builder-content\" data-vertical-menu=\"750px\"><a href=\"https:\/\/hangoutmooc.eu\/cs\/course\/peer-pressure\/\" class=\"dropdown-item\">Tlak vrstevn\u00edk\u016f<\/a>\t\t<li id=\"menu-item-1846\" class=\"menu-item menu-item-type-post_type menu-item-object-lp_course menu-item-1846 nav-item elementskit-mobile-builder-content\" data-vertical-menu=\"750px\"><a href=\"https:\/\/hangoutmooc.eu\/cs\/course\/addressing-social-anxiety-through-tiktok\/\" class=\"dropdown-item\">\u0158e\u0161en\u00ed soci\u00e1ln\u00ed \u00fazkosti prost\u0159ednictv\u00edm TikToku<\/a>\t\t<li id=\"menu-item-1847\" class=\"menu-item menu-item-type-post_type menu-item-object-lp_course menu-item-1847 nav-item elementskit-mobile-builder-content\" data-vertical-menu=\"750px\"><a href=\"https:\/\/hangoutmooc.eu\/cs\/course\/sexual-orientation\/\" class=\"dropdown-item\">Sexu\u00e1ln\u00ed orientace<\/a>\t\t<li id=\"menu-item-1933\" class=\"menu-item menu-item-type-post_type menu-item-object-lp_course menu-item-1933 nav-item elementskit-mobile-builder-content\" data-vertical-menu=\"750px\"><a href=\"https:\/\/hangoutmooc.eu\/cs\/course\/long-live-moderation\/\" class=\"dropdown-item\">A\u0165 \u017eije st\u0159\u00eddmost<\/a>\t\t<li id=\"menu-item-1969\" class=\"menu-item menu-item-type-post_type menu-item-object-lp_course menu-item-1969 nav-item elementskit-mobile-builder-content\" data-vertical-menu=\"750px\"><a href=\"https:\/\/hangoutmooc.eu\/cs\/course\/sexual-health\/\" class=\"dropdown-item\">Sexu\u00e1ln\u00ed zdrav\u00ed<\/a>\t<\/ul>\n<\/ul>\n<\/li>\n<li id=\"menu-item-592\" class=\"menu-item menu-item-type-post_type menu-item-object-page menu-item-592 nav-item elementskit-mobile-builder-content\" data-vertical-menu=\"750px\"><a href=\"https:\/\/hangoutmooc.eu\/cs\/cop\/\" class=\"ekit-menu-nav-link\">Spole\u010denstv\u00ed praxe<\/a><\/li>\n<li id=\"menu-item-691\" class=\"menu-item menu-item-type-post_type menu-item-object-page menu-item-691 nav-item elementskit-mobile-builder-content\" data-vertical-menu=\"750px\"><a href=\"https:\/\/hangoutmooc.eu\/cs\/register\/\" class=\"ekit-menu-nav-link\">Register<\/a><\/li>\n<li id=\"menu-item-692\" class=\"menu-item menu-item-type-post_type menu-item-object-page menu-item-692 nav-item elementskit-mobile-builder-content\" data-vertical-menu=\"750px\"><a href=\"https:\/\/hangoutmooc.eu\/cs\/login\/\" class=\"ekit-menu-nav-link\">Login<\/a><\/li>\n<\/ul><div class=\"elementskit-nav-identity-panel\">\n\t\t\t\t<div class=\"elementskit-site-title\">\n\t\t\t\t\t<a class=\"elementskit-nav-logo\" href=\"https:\/\/hangoutmooc.eu\/cs\" target=\"_self\" rel=\"\">\n\t\t\t\t\t\t<img decoding=\"async\" src=\"\" title=\"\" alt=\"\" \/>\n\t\t\t\t\t<\/a> \n\t\t\t\t<\/div><button class=\"elementskit-menu-close elementskit-menu-toggler\" type=\"button\">X<\/button><\/div><\/div>\t\t\t\n\t\t\t<div class=\"elementskit-menu-overlay elementskit-menu-offcanvas-elements elementskit-menu-toggler ekit-nav-menu--overlay\"><\/div>        <\/nav>\n\t\t\t\t<\/div>\n\t\t\t\t<\/div>\n\t\t\t\t\t<\/div>\n\t\t<\/div>\n\t\t\t\t\t<\/div>\n\t\t<\/section>\n\t\t\t\t<section class=\"elementor-section elementor-top-section elementor-element elementor-element-51f67af elementor-section-boxed elementor-section-height-default elementor-section-height-default elementor-invisible\" data-id=\"51f67af\" data-element_type=\"section\" data-settings=\"{&quot;animation&quot;:&quot;fadeInUp&quot;}\">\n\t\t\t\t\t\t<div class=\"elementor-container elementor-column-gap-default\">\n\t\t\t\t\t<div class=\"elementor-column elementor-col-100 elementor-top-column elementor-element elementor-element-e67aedb\" data-id=\"e67aedb\" data-element_type=\"column\">\n\t\t\t<div class=\"elementor-widget-wrap elementor-element-populated\">\n\t\t\t\t\t\t<div class=\"elementor-element elementor-element-14698e0 elementor-widget elementor-widget-spacer\" data-id=\"14698e0\" data-element_type=\"widget\" data-widget_type=\"spacer.default\">\n\t\t\t\t<div class=\"elementor-widget-container\">\n\t\t\t\t\t<div class=\"elementor-spacer\">\n\t\t\t<div class=\"elementor-spacer-inner\"><\/div>\n\t\t<\/div>\n\t\t\t\t<\/div>\n\t\t\t\t<\/div>\n\t\t\t\t<div class=\"elementor-element elementor-element-cbc99d8 elementor-widget elementor-widget-heading\" data-id=\"cbc99d8\" data-element_type=\"widget\" data-widget_type=\"heading.default\">\n\t\t\t\t<div class=\"elementor-widget-container\">\n\t\t\t<h2 class=\"elementor-heading-title elementor-size-default\">Pod\u00edvejte se na n\u00e1\u0161 projekt TikToks a podcasty n\u00ed\u017ee <\/h2>\t\t<\/div>\n\t\t\t\t<\/div>\n\t\t\t\t<div class=\"elementor-element elementor-element-363729c elementor-widget elementor-widget-text-editor\" data-id=\"363729c\" data-element_type=\"widget\" data-widget_type=\"text-editor.default\">\n\t\t\t\t<div class=\"elementor-widget-container\">\n\t\t\t\t\t\t\t<p><span style=\"color: #000000;\">Pokud v r\u00e1mci projektu HANG OUT vytvo\u0159\u00edte n\u011bjak\u00e9 TikToky nebo Podcasty, po\u0161lete je na n\u00e1sleduj\u00edc\u00ed e-mail a po schv\u00e1len\u00ed moder\u00e1torem se objev\u00ed n\u00ed\u017ee:<\/span> <span style=\"color: #0000ff;\"><a style=\"color: #0000ff;\" href=\"mailto:hangoutprojecteu@gmail.com\">hangoutprojecteu@gmail.com<\/a><\/span><\/p>\t\t\t\t\t\t<\/div>\n\t\t\t\t<\/div>\n\t\t\t\t\t<\/div>\n\t\t<\/div>\n\t\t\t\t\t<\/div>\n\t\t<\/section>\n\t\t\t\t<section class=\"elementor-section elementor-top-section elementor-element elementor-element-407381d elementor-section-boxed elementor-section-height-default elementor-section-height-default elementor-invisible\" data-id=\"407381d\" data-element_type=\"section\" data-settings=\"{&quot;animation&quot;:&quot;fadeInUp&quot;}\">\n\t\t\t\t\t\t<div class=\"elementor-container elementor-column-gap-default\">\n\t\t\t\t\t<div class=\"elementor-column elementor-col-100 elementor-top-column elementor-element elementor-element-333bccd\" data-id=\"333bccd\" data-element_type=\"column\">\n\t\t\t<div class=\"elementor-widget-wrap elementor-element-populated\">\n\t\t\t\t\t\t<div class=\"elementor-element elementor-element-1bf121b elementor-widget elementor-widget-shortcode\" data-id=\"1bf121b\" data-element_type=\"widget\" data-widget_type=\"shortcode.default\">\n\t\t\t\t<div class=\"elementor-widget-container\">\n\t\t\t\t\t<div class=\"elementor-shortcode\">\t\t<div id=\"tiktok-feed-feed-2\" class=\"tiktok-feed-feed\" data-feed=\"{&quot;id&quot;:2,&quot;source&quot;:&quot;account&quot;,&quot;open_id&quot;:&quot;_0005VHGJfUTCL3Rk286yG-ZnT5wX5eGf3vW&quot;,&quot;region&quot;:&quot;US&quot;,&quot;hashtag&quot;:&quot;wordpress&quot;,&quot;username&quot;:&quot;&quot;,&quot;create_time&quot;:0,&quot;layout&quot;:&quot;gallery&quot;,&quot;limit&quot;:12,&quot;columns&quot;:3,&quot;hide_carousel_feed&quot;:true,&quot;lazy&quot;:true,&quot;profile&quot;:{&quot;display&quot;:false,&quot;username&quot;:&quot;&quot;,&quot;nickname&quot;:&quot;&quot;,&quot;biography&quot;:&quot;&quot;,&quot;link_text&quot;:&quot;Follow&quot;,&quot;avatar&quot;:&quot;&quot;},&quot;video&quot;:{&quot;spacing&quot;:10,&quot;radius&quot;:0},&quot;highlight&quot;:{&quot;id&quot;:&quot;&quot;,&quot;tag&quot;:&quot;&quot;,&quot;position&quot;:&quot;1, 5, 7&quot;},&quot;mask&quot;:{&quot;display&quot;:true,&quot;background&quot;:&quot;#000000&quot;,&quot;likes_count&quot;:true,&quot;comments_count&quot;:true},&quot;box&quot;:{&quot;display&quot;:false,&quot;padding&quot;:1,&quot;radius&quot;:0,&quot;background&quot;:&quot;#fefefe&quot;,&quot;text_color&quot;:&quot;#000000&quot;},&quot;card&quot;:{&quot;display&quot;:false,&quot;radius&quot;:0,&quot;font_size&quot;:&quot;12&quot;,&quot;background&quot;:&quot;#ffffff&quot;,&quot;background_hover&quot;:&quot;#ffffff&quot;,&quot;text_color&quot;:&quot;#000000&quot;,&quot;padding&quot;:&quot;5&quot;,&quot;likes_count&quot;:true,&quot;max_word_count&quot;:10,&quot;video_description&quot;:true,&quot;comments_count&quot;:true},&quot;carousel&quot;:{&quot;slidespv&quot;:5,&quot;autoplay&quot;:false,&quot;autoplay_interval&quot;:3000,&quot;navarrows&quot;:true,&quot;navarrows_color&quot;:&quot;&quot;,&quot;pagination&quot;:true,&quot;pagination_color&quot;:&quot;&quot;},&quot;modal&quot;:{&quot;display&quot;:true,&quot;profile&quot;:true,&quot;download&quot;:false,&quot;video_description&quot;:true,&quot;likes_count&quot;:true,&quot;autoplay&quot;:true,&quot;comments_count&quot;:true,&quot;date&quot;:true,&quot;controls&quot;:true,&quot;align&quot;:&quot;right&quot;},&quot;button&quot;:{&quot;display&quot;:true,&quot;text&quot;:&quot;View on TikTok&quot;,&quot;text_color&quot;:&quot;#ffff&quot;,&quot;background&quot;:&quot;&quot;,&quot;background_hover&quot;:&quot;&quot;},&quot;button_load&quot;:{&quot;display&quot;:false,&quot;text_color&quot;:&quot;#ffff&quot;,&quot;text&quot;:&quot;Load more...&quot;,&quot;background&quot;:&quot;&quot;,&quot;background_hover&quot;:&quot;&quot;,&quot;profile&quot;:&quot;&quot;}}\">\n\t\t<!-- <FeedContainer\/> -->\n\t\t<\/div>\n\t\t<\/div>\n\t\t\t\t<\/div>\n\t\t\t\t<\/div>\n\t\t\t\t\t<\/div>\n\t\t<\/div>\n\t\t\t\t\t<\/div>\n\t\t<\/section>\n\t\t\t\t<section class=\"elementor-section elementor-top-section elementor-element elementor-element-e2c3370 elementor-section-boxed elementor-section-height-default elementor-section-height-default elementor-invisible\" data-id=\"e2c3370\" data-element_type=\"section\" data-settings=\"{&quot;animation&quot;:&quot;fadeInUp&quot;}\">\n\t\t\t\t\t\t<div class=\"elementor-container elementor-column-gap-default\">\n\t\t\t\t\t<div class=\"elementor-column elementor-col-100 elementor-top-column elementor-element elementor-element-3573798\" data-id=\"3573798\" data-element_type=\"column\">\n\t\t\t<div class=\"elementor-widget-wrap elementor-element-populated\">\n\t\t\t\t\t\t<div class=\"elementor-element elementor-element-358e34c elementor-widget elementor-widget-audio\" data-id=\"358e34c\" data-element_type=\"widget\" data-widget_type=\"audio.default\">\n\t\t\t\t<div class=\"elementor-widget-container\">\n\t\t\t\t\t\t<div class=\"elementor-soundcloud-wrapper\">\n\t\t\t\t<iframe width=\"800\" height=\"450\" frameborder=\"no\" src=\"https:\/\/w.soundcloud.com\/player\/?visual=false&#038;url=https%3A%2F%2Fapi.soundcloud.com%2Fusers%2F1248549139&#038;show_artwork=false&#038;maxheight=1000&#038;maxwidth=800&#038;auto_play=false&#038;buying=false&#038;liking=true&#038;download=false&#038;sharing=true&#038;show_comments=false&#038;show_playcount=false&#038;show_user=true&#038;color=61CE70\"><\/iframe>\t\t\t<\/div>\n\t\t\t\t\t<\/div>\n\t\t\t\t<\/div>\n\t\t\t\t\t<\/div>\n\t\t<\/div>\n\t\t\t\t\t<\/div>\n\t\t<\/section>\n\t\t\t\t<section class=\"elementor-section elementor-top-section elementor-element elementor-element-df7ff26 elementor-section-boxed elementor-section-height-default elementor-section-height-default\" data-id=\"df7ff26\" data-element_type=\"section\">\n\t\t\t\t\t\t<div class=\"elementor-container elementor-column-gap-default\">\n\t\t\t\t\t<div class=\"elementor-column elementor-col-50 elementor-top-column elementor-element elementor-element-7d2907d\" data-id=\"7d2907d\" data-element_type=\"column\">\n\t\t\t<div class=\"elementor-widget-wrap elementor-element-populated\">\n\t\t\t\t\t\t<div class=\"elementor-element elementor-element-98da73d elementor-widget elementor-widget-image\" data-id=\"98da73d\" data-element_type=\"widget\" data-widget_type=\"image.default\">\n\t\t\t\t<div class=\"elementor-widget-container\">\n\t\t\t\t\t\t\t\t\t\t\t\t\t<img fetchpriority=\"high\" decoding=\"async\" width=\"4247\" height=\"891\" src=\"https:\/\/hangoutmooc.eu\/wp-content\/uploads\/2023\/07\/Erasmus-logo-1.png\" class=\"attachment-full size-full wp-image-2124\" alt=\"\" srcset=\"https:\/\/hangoutmooc.eu\/wp-content\/uploads\/2023\/07\/Erasmus-logo-1.png 4247w, https:\/\/hangoutmooc.eu\/wp-content\/uploads\/2023\/07\/Erasmus-logo-1-300x63.png 300w, https:\/\/hangoutmooc.eu\/wp-content\/uploads\/2023\/07\/Erasmus-logo-1-1024x215.png 1024w, https:\/\/hangoutmooc.eu\/wp-content\/uploads\/2023\/07\/Erasmus-logo-1-768x161.png 768w, https:\/\/hangoutmooc.eu\/wp-content\/uploads\/2023\/07\/Erasmus-logo-1-1536x322.png 1536w, https:\/\/hangoutmooc.eu\/wp-content\/uploads\/2023\/07\/Erasmus-logo-1-2048x430.png 2048w, https:\/\/hangoutmooc.eu\/wp-content\/uploads\/2023\/07\/Erasmus-logo-1-18x4.png 18w\" sizes=\"(max-width: 4247px) 100vw, 4247px\" \/>\t\t\t\t\t\t\t\t\t\t\t\t\t<\/div>\n\t\t\t\t<\/div>\n\t\t\t\t\t<\/div>\n\t\t<\/div>\n\t\t\t\t<div class=\"elementor-column elementor-col-50 elementor-top-column elementor-element elementor-element-1ca6af3\" data-id=\"1ca6af3\" data-element_type=\"column\">\n\t\t\t<div class=\"elementor-widget-wrap elementor-element-populated\">\n\t\t\t\t\t\t<div class=\"elementor-element elementor-element-d1819bc elementor-widget elementor-widget-text-editor\" data-id=\"d1819bc\" data-element_type=\"widget\" data-widget_type=\"text-editor.default\">\n\t\t\t\t<div class=\"elementor-widget-container\">\n\t\t\t\t\t\t\t<div><div>Podpora Evropsk\u00e9 komise p\u0159i vyd\u00e1n\u00ed t\u00e9to publikace nep\u0159edstavuje schv\u00e1len\u00ed jej\u00edho obsahu, kter\u00fd vyjad\u0159uje pouze n\u00e1zory autor\u016f, a Komise nenese odpov\u011bdnost za p\u0159\u00edpadn\u00e9 vyu\u017eit\u00ed informac\u00ed v n\u00ed obsa\u017een\u00fdch.<\/div><\/div>\t\t\t\t\t\t<\/div>\n\t\t\t\t<\/div>\n\t\t\t\t\t<\/div>\n\t\t<\/div>\n\t\t\t\t\t<\/div>\n\t\t<\/section>\n\t\t\t\t<\/div>","protected":false},"excerpt":{"rendered":"<p>Home Project Result Project website Library All Courses 60 sec on&#8230; Youth Mental Health in Focus Peer Pressure Addressing Social [&hellip;]<\/p>","protected":false},"author":1,"featured_media":0,"parent":0,"menu_order":0,"comment_status":"closed","ping_status":"closed","template":"elementor_canvas","meta":{"om_disable_all_campaigns":false,"_monsterinsights_skip_tracking":false,"_monsterinsights_sitenote_active":false,"_monsterinsights_sitenote_note":"","_monsterinsights_sitenote_category":0,"footnotes":""},"aioseo_notices":[],"_links":{"self":[{"href":"https:\/\/hangoutmooc.eu\/cs\/wp-json\/wp\/v2\/pages\/365"}],"collection":[{"href":"https:\/\/hangoutmooc.eu\/cs\/wp-json\/wp\/v2\/pages"}],"about":[{"href":"https:\/\/hangoutmooc.eu\/cs\/wp-json\/wp\/v2\/types\/page"}],"author":[{"embeddable":true,"href":"https:\/\/hangoutmooc.eu\/cs\/wp-json\/wp\/v2\/users\/1"}],"replies":[{"embeddable":true,"href":"https:\/\/hangoutmooc.eu\/cs\/wp-json\/wp\/v2\/comments?post=365"}],"version-history":[{"count":115,"href":"https:\/\/hangoutmooc.eu\/cs\/wp-json\/wp\/v2\/pages\/365\/revisions"}],"predecessor-version":[{"id":2195,"href":"https:\/\/hangoutmooc.eu\/cs\/wp-json\/wp\/v2\/pages\/365\/revisions\/2195"}],"wp:attachment":[{"href":"https:\/\/hangoutmooc.eu\/cs\/wp-json\/wp\/v2\/media?parent=365"}],"curies":[{"name":"wp","href":"https:\/\/api.w.org\/{rel}","templated":true}]}}