{"id":365,"date":"2023-02-16T10:57:29","date_gmt":"2023-02-16T10:57:29","guid":{"rendered":"https:\/\/hangoutmooc.eu\/?page_id=365"},"modified":"2023-11-16T12:53:15","modified_gmt":"2023-11-16T12:53:15","slug":"library-of-digital-media-content","status":"publish","type":"page","link":"https:\/\/hangoutmooc.eu\/fr\/library-of-digital-media-content\/","title":{"rendered":"library of digital media content"},"content":{"rendered":"<div data-elementor-type=\"wp-page\" data-elementor-id=\"365\" class=\"elementor elementor-365\">\n\t\t\t\t\t\t<section class=\"elementor-section elementor-top-section elementor-element elementor-element-cce9d0a elementor-section-boxed elementor-section-height-default elementor-section-height-default\" data-id=\"cce9d0a\" data-element_type=\"section\">\n\t\t\t\t\t\t<div class=\"elementor-container elementor-column-gap-default\">\n\t\t\t\t\t<div class=\"elementor-column elementor-col-50 elementor-top-column elementor-element elementor-element-5abc6f3\" data-id=\"5abc6f3\" data-element_type=\"column\">\n\t\t\t<div class=\"elementor-widget-wrap elementor-element-populated\">\n\t\t\t\t\t\t<div class=\"elementor-element elementor-element-6b34975 elementor-widget elementor-widget-image\" data-id=\"6b34975\" data-element_type=\"widget\" data-widget_type=\"image.default\">\n\t\t\t\t<div class=\"elementor-widget-container\">\n\t\t\t\t\t\t\t\t\t\t\t\t\t\t<a href=\"https:\/\/hangoutmooc.eu\/fr\/\">\n\t\t\t\t\t\t\t<img decoding=\"async\" width=\"227\" height=\"150\" src=\"https:\/\/hangoutmooc.eu\/wp-content\/uploads\/2022\/11\/image-1.png\" class=\"attachment-large size-large wp-image-20\" alt=\"\" \/>\t\t\t\t\t\t\t\t<\/a>\n\t\t\t\t\t\t\t\t\t\t\t\t\t<\/div>\n\t\t\t\t<\/div>\n\t\t\t\t\t<\/div>\n\t\t<\/div>\n\t\t\t\t<div class=\"elementor-column elementor-col-50 elementor-top-column elementor-element elementor-element-1ea01c7\" data-id=\"1ea01c7\" data-element_type=\"column\">\n\t\t\t<div class=\"elementor-widget-wrap elementor-element-populated\">\n\t\t\t\t\t\t<div class=\"elementor-element elementor-element-3fdd76c elementor-widget elementor-widget-ekit-nav-menu\" data-id=\"3fdd76c\" data-element_type=\"widget\" data-widget_type=\"ekit-nav-menu.default\">\n\t\t\t\t<div class=\"elementor-widget-container\">\n\t\t\t\t\t<nav class=\"ekit-wid-con ekit_menu_responsive_tablet\" \n\t\t\tdata-hamburger-icon=\"\" \n\t\t\tdata-hamburger-icon-type=\"icon\" \n\t\t\tdata-responsive-breakpoint=\"1024\">\n\t\t\t            <button class=\"elementskit-menu-hamburger elementskit-menu-toggler\"  type=\"button\" aria-label=\"hamburger-icon\">\n                                    <span class=\"elementskit-menu-hamburger-icon\"><\/span><span class=\"elementskit-menu-hamburger-icon\"><\/span><span class=\"elementskit-menu-hamburger-icon\"><\/span>\n                            <\/button>\n            <div id=\"ekit-megamenu-main\" class=\"elementskit-menu-container elementskit-menu-offcanvas-elements elementskit-navbar-nav-default ekit-nav-menu-one-page-yes ekit-nav-dropdown-hover\"><ul id=\"menu-main\" class=\"elementskit-navbar-nav elementskit-menu-po-right submenu-click-on-icon\"><li id=\"menu-item-38\" class=\"menu-item menu-item-type-post_type menu-item-object-page menu-item-home menu-item-privacy-policy menu-item-38 nav-item elementskit-mobile-builder-content\" data-vertical-menu=\"750px\"><a href=\"https:\/\/hangoutmooc.eu\/fr\/\" class=\"ekit-menu-nav-link\">Accueil<\/a><\/li>\n<li id=\"menu-item-70\" class=\"menu-item menu-item-type-custom menu-item-object-custom menu-item-70 nav-item elementskit-mobile-builder-content\" data-vertical-menu=\"750px\"><a href=\"https:\/\/hangoutmooc.eu\/fr\/#prt\" class=\"ekit-menu-nav-link\">R\u00e9sultats du projet<\/a><\/li>\n<li id=\"menu-item-78\" class=\"menu-item menu-item-type-custom menu-item-object-custom menu-item-78 nav-item elementskit-mobile-builder-content\" data-vertical-menu=\"750px\"><a href=\"http:\/\/hangout-project.eu\/\" class=\"ekit-menu-nav-link\">Site du projet<\/a><\/li>\n<li id=\"menu-item-528\" class=\"menu-item menu-item-type-post_type menu-item-object-page menu-item-528 nav-item elementskit-mobile-builder-content\" data-vertical-menu=\"750px\"><a href=\"https:\/\/hangoutmooc.eu\/fr\/library-of-digital-media-content\/\" class=\"ekit-menu-nav-link\">Biblioth\u00e8que<\/a><\/li>\n<li id=\"menu-item-1616\" class=\"menu-item menu-item-type-post_type menu-item-object-page menu-item-has-children menu-item-1616 nav-item elementskit-dropdown-has relative_position elementskit-dropdown-menu-default_width elementskit-mobile-builder-content\" data-vertical-menu=\"750px\"><a href=\"https:\/\/hangoutmooc.eu\/fr\/courses-2\/\" class=\"ekit-menu-nav-link ekit-menu-dropdown-toggle\">Tous les cours<i aria-hidden=\"true\" class=\"icon icon-down-arrow1 elementskit-submenu-indicator\"><\/i><\/a>\n<ul class=\"elementskit-dropdown elementskit-submenu-panel\">\n\t<li id=\"menu-item-1843\" class=\"menu-item menu-item-type-taxonomy menu-item-object-course_category menu-item-has-children menu-item-1843 nav-item elementskit-dropdown-has relative_position elementskit-dropdown-menu-default_width elementskit-mobile-builder-content\" data-vertical-menu=\"750px\"><a href=\"https:\/\/hangoutmooc.eu\/fr\/course-category\/60-sec-on\/\" class=\"dropdown-item\">60 secondes sur...<i aria-hidden=\"true\" class=\"icon icon-down-arrow1 elementskit-submenu-indicator\"><\/i><\/a>\n\t<ul class=\"elementskit-dropdown elementskit-submenu-panel\">\n\t\t<li id=\"menu-item-1844\" class=\"menu-item menu-item-type-post_type menu-item-object-lp_course menu-item-1844 nav-item elementskit-mobile-builder-content\" data-vertical-menu=\"750px\"><a href=\"https:\/\/hangoutmooc.eu\/fr\/course\/youth-mental-health-in-focus\/\" class=\"dropdown-item\">La Sant\u00e9 Mentale des jeunes en point de mire<\/a>\t\t<li id=\"menu-item-1845\" class=\"menu-item menu-item-type-post_type menu-item-object-lp_course menu-item-1845 nav-item elementskit-mobile-builder-content\" data-vertical-menu=\"750px\"><a href=\"https:\/\/hangoutmooc.eu\/fr\/course\/peer-pressure\/\" class=\"dropdown-item\">Pression des pairs<\/a>\t\t<li id=\"menu-item-1846\" class=\"menu-item menu-item-type-post_type menu-item-object-lp_course menu-item-1846 nav-item elementskit-mobile-builder-content\" data-vertical-menu=\"750px\"><a href=\"https:\/\/hangoutmooc.eu\/fr\/course\/addressing-social-anxiety-through-tiktok\/\" class=\"dropdown-item\">S\u2019attaquer \u00e0 l\u2019anxi\u00e9t\u00e9 sociale \u00e0 travers TikTok<\/a>\t\t<li id=\"menu-item-1847\" class=\"menu-item menu-item-type-post_type menu-item-object-lp_course menu-item-1847 nav-item elementskit-mobile-builder-content\" data-vertical-menu=\"750px\"><a href=\"https:\/\/hangoutmooc.eu\/fr\/course\/sexual-orientation\/\" class=\"dropdown-item\">Orientation sexuelle<\/a>\t\t<li id=\"menu-item-1933\" class=\"menu-item menu-item-type-post_type menu-item-object-lp_course menu-item-1933 nav-item elementskit-mobile-builder-content\" data-vertical-menu=\"750px\"><a href=\"https:\/\/hangoutmooc.eu\/fr\/course\/long-live-moderation\/\" class=\"dropdown-item\">Vive la mod\u00e9ration<\/a>\t\t<li id=\"menu-item-1969\" class=\"menu-item menu-item-type-post_type menu-item-object-lp_course menu-item-1969 nav-item elementskit-mobile-builder-content\" data-vertical-menu=\"750px\"><a href=\"https:\/\/hangoutmooc.eu\/fr\/course\/sexual-health\/\" class=\"dropdown-item\">Sant\u00e9 sexuelle<\/a>\t<\/ul>\n<\/ul>\n<\/li>\n<li id=\"menu-item-592\" class=\"menu-item menu-item-type-post_type menu-item-object-page menu-item-592 nav-item elementskit-mobile-builder-content\" data-vertical-menu=\"750px\"><a href=\"https:\/\/hangoutmooc.eu\/fr\/cop\/\" class=\"ekit-menu-nav-link\">Communaut\u00e9 de pratique<\/a><\/li>\n<li id=\"menu-item-691\" class=\"menu-item menu-item-type-post_type menu-item-object-page menu-item-691 nav-item elementskit-mobile-builder-content\" data-vertical-menu=\"750px\"><a href=\"https:\/\/hangoutmooc.eu\/fr\/register\/\" class=\"ekit-menu-nav-link\">S\u2019inscrire<\/a><\/li>\n<li id=\"menu-item-692\" class=\"menu-item menu-item-type-post_type menu-item-object-page menu-item-692 nav-item elementskit-mobile-builder-content\" data-vertical-menu=\"750px\"><a href=\"https:\/\/hangoutmooc.eu\/fr\/login\/\" class=\"ekit-menu-nav-link\">Login<\/a><\/li>\n<\/ul><div class=\"elementskit-nav-identity-panel\">\n\t\t\t\t<div class=\"elementskit-site-title\">\n\t\t\t\t\t<a class=\"elementskit-nav-logo\" href=\"https:\/\/hangoutmooc.eu\/fr\" target=\"_self\" rel=\"\">\n\t\t\t\t\t\t<img decoding=\"async\" src=\"\" title=\"\" alt=\"\" \/>\n\t\t\t\t\t<\/a> \n\t\t\t\t<\/div><button class=\"elementskit-menu-close elementskit-menu-toggler\" type=\"button\">X<\/button><\/div><\/div>\t\t\t\n\t\t\t<div class=\"elementskit-menu-overlay elementskit-menu-offcanvas-elements elementskit-menu-toggler ekit-nav-menu--overlay\"><\/div>        <\/nav>\n\t\t\t\t<\/div>\n\t\t\t\t<\/div>\n\t\t\t\t\t<\/div>\n\t\t<\/div>\n\t\t\t\t\t<\/div>\n\t\t<\/section>\n\t\t\t\t<section class=\"elementor-section elementor-top-section elementor-element elementor-element-51f67af elementor-section-boxed elementor-section-height-default elementor-section-height-default elementor-invisible\" data-id=\"51f67af\" data-element_type=\"section\" data-settings=\"{&quot;animation&quot;:&quot;fadeInUp&quot;}\">\n\t\t\t\t\t\t<div class=\"elementor-container elementor-column-gap-default\">\n\t\t\t\t\t<div class=\"elementor-column elementor-col-100 elementor-top-column elementor-element elementor-element-e67aedb\" data-id=\"e67aedb\" data-element_type=\"column\">\n\t\t\t<div class=\"elementor-widget-wrap elementor-element-populated\">\n\t\t\t\t\t\t<div class=\"elementor-element elementor-element-14698e0 elementor-widget elementor-widget-spacer\" data-id=\"14698e0\" data-element_type=\"widget\" data-widget_type=\"spacer.default\">\n\t\t\t\t<div class=\"elementor-widget-container\">\n\t\t\t\t\t<div class=\"elementor-spacer\">\n\t\t\t<div class=\"elementor-spacer-inner\"><\/div>\n\t\t<\/div>\n\t\t\t\t<\/div>\n\t\t\t\t<\/div>\n\t\t\t\t<div class=\"elementor-element elementor-element-cbc99d8 elementor-widget elementor-widget-heading\" data-id=\"cbc99d8\" data-element_type=\"widget\" data-widget_type=\"heading.default\">\n\t\t\t\t<div class=\"elementor-widget-container\">\n\t\t\t<h2 class=\"elementor-heading-title elementor-size-default\">Jetez un oeil sur les vid\u00e9os Tiktok et les podcasts \u00e9labor\u00e9s dans le cadre du projet <\/h2>\t\t<\/div>\n\t\t\t\t<\/div>\n\t\t\t\t<div class=\"elementor-element elementor-element-363729c elementor-widget elementor-widget-text-editor\" data-id=\"363729c\" data-element_type=\"widget\" data-widget_type=\"text-editor.default\">\n\t\t\t\t<div class=\"elementor-widget-container\">\n\t\t\t\t\t\t\t<p><span style=\"color: #000000;\">Si vous cr\u00e9ez des TikToks ou des Podcasts dans le cadre du projet HANG OUT, envoyez-les \u00e0 l&#039;adresse\nsuivante, et ils appara\u00eetront ci-dessous une fois approuv\u00e9s par un mod\u00e9rateur.<\/span> <span style=\"color: #0000ff;\"><a style=\"color: #0000ff;\" href=\"mailto:hangoutprojecteu@gmail.com\">hangoutprojecteu@gmail.com<\/a><\/span><\/p>\t\t\t\t\t\t<\/div>\n\t\t\t\t<\/div>\n\t\t\t\t\t<\/div>\n\t\t<\/div>\n\t\t\t\t\t<\/div>\n\t\t<\/section>\n\t\t\t\t<section class=\"elementor-section elementor-top-section elementor-element elementor-element-407381d elementor-section-boxed elementor-section-height-default elementor-section-height-default elementor-invisible\" data-id=\"407381d\" data-element_type=\"section\" data-settings=\"{&quot;animation&quot;:&quot;fadeInUp&quot;}\">\n\t\t\t\t\t\t<div class=\"elementor-container elementor-column-gap-default\">\n\t\t\t\t\t<div class=\"elementor-column elementor-col-100 elementor-top-column elementor-element elementor-element-333bccd\" data-id=\"333bccd\" data-element_type=\"column\">\n\t\t\t<div class=\"elementor-widget-wrap elementor-element-populated\">\n\t\t\t\t\t\t<div class=\"elementor-element elementor-element-1bf121b elementor-widget elementor-widget-shortcode\" data-id=\"1bf121b\" data-element_type=\"widget\" data-widget_type=\"shortcode.default\">\n\t\t\t\t<div class=\"elementor-widget-container\">\n\t\t\t\t\t<div class=\"elementor-shortcode\">\t\t<div id=\"tiktok-feed-feed-2\" class=\"tiktok-feed-feed\" data-feed=\"{&quot;id&quot;:2,&quot;source&quot;:&quot;account&quot;,&quot;open_id&quot;:&quot;_0005VHGJfUTCL3Rk286yG-ZnT5wX5eGf3vW&quot;,&quot;region&quot;:&quot;US&quot;,&quot;hashtag&quot;:&quot;wordpress&quot;,&quot;username&quot;:&quot;&quot;,&quot;create_time&quot;:0,&quot;layout&quot;:&quot;gallery&quot;,&quot;limit&quot;:12,&quot;columns&quot;:3,&quot;hide_carousel_feed&quot;:true,&quot;lazy&quot;:true,&quot;profile&quot;:{&quot;display&quot;:false,&quot;username&quot;:&quot;&quot;,&quot;nickname&quot;:&quot;&quot;,&quot;biography&quot;:&quot;&quot;,&quot;link_text&quot;:&quot;Follow&quot;,&quot;avatar&quot;:&quot;&quot;},&quot;video&quot;:{&quot;spacing&quot;:10,&quot;radius&quot;:0},&quot;highlight&quot;:{&quot;id&quot;:&quot;&quot;,&quot;tag&quot;:&quot;&quot;,&quot;position&quot;:&quot;1, 5, 7&quot;},&quot;mask&quot;:{&quot;display&quot;:true,&quot;background&quot;:&quot;#000000&quot;,&quot;likes_count&quot;:true,&quot;comments_count&quot;:true},&quot;box&quot;:{&quot;display&quot;:false,&quot;padding&quot;:1,&quot;radius&quot;:0,&quot;background&quot;:&quot;#fefefe&quot;,&quot;text_color&quot;:&quot;#000000&quot;},&quot;card&quot;:{&quot;display&quot;:false,&quot;radius&quot;:0,&quot;font_size&quot;:&quot;12&quot;,&quot;background&quot;:&quot;#ffffff&quot;,&quot;background_hover&quot;:&quot;#ffffff&quot;,&quot;text_color&quot;:&quot;#000000&quot;,&quot;padding&quot;:&quot;5&quot;,&quot;likes_count&quot;:true,&quot;max_word_count&quot;:10,&quot;video_description&quot;:true,&quot;comments_count&quot;:true},&quot;carousel&quot;:{&quot;slidespv&quot;:5,&quot;autoplay&quot;:false,&quot;autoplay_interval&quot;:3000,&quot;navarrows&quot;:true,&quot;navarrows_color&quot;:&quot;&quot;,&quot;pagination&quot;:true,&quot;pagination_color&quot;:&quot;&quot;},&quot;modal&quot;:{&quot;display&quot;:true,&quot;profile&quot;:true,&quot;download&quot;:false,&quot;video_description&quot;:true,&quot;likes_count&quot;:true,&quot;autoplay&quot;:true,&quot;comments_count&quot;:true,&quot;date&quot;:true,&quot;controls&quot;:true,&quot;align&quot;:&quot;right&quot;},&quot;button&quot;:{&quot;display&quot;:true,&quot;text&quot;:&quot;View on TikTok&quot;,&quot;text_color&quot;:&quot;#ffff&quot;,&quot;background&quot;:&quot;&quot;,&quot;background_hover&quot;:&quot;&quot;},&quot;button_load&quot;:{&quot;display&quot;:false,&quot;text_color&quot;:&quot;#ffff&quot;,&quot;text&quot;:&quot;Load more...&quot;,&quot;background&quot;:&quot;&quot;,&quot;background_hover&quot;:&quot;&quot;,&quot;profile&quot;:&quot;&quot;}}\">\n\t\t<!-- <FeedContainer\/> -->\n\t\t<\/div>\n\t\t<\/div>\n\t\t\t\t<\/div>\n\t\t\t\t<\/div>\n\t\t\t\t\t<\/div>\n\t\t<\/div>\n\t\t\t\t\t<\/div>\n\t\t<\/section>\n\t\t\t\t<section class=\"elementor-section elementor-top-section elementor-element elementor-element-e2c3370 elementor-section-boxed elementor-section-height-default elementor-section-height-default elementor-invisible\" data-id=\"e2c3370\" data-element_type=\"section\" data-settings=\"{&quot;animation&quot;:&quot;fadeInUp&quot;}\">\n\t\t\t\t\t\t<div class=\"elementor-container elementor-column-gap-default\">\n\t\t\t\t\t<div class=\"elementor-column elementor-col-100 elementor-top-column elementor-element elementor-element-3573798\" data-id=\"3573798\" data-element_type=\"column\">\n\t\t\t<div class=\"elementor-widget-wrap elementor-element-populated\">\n\t\t\t\t\t\t<div class=\"elementor-element elementor-element-358e34c elementor-widget elementor-widget-audio\" data-id=\"358e34c\" data-element_type=\"widget\" data-widget_type=\"audio.default\">\n\t\t\t\t<div class=\"elementor-widget-container\">\n\t\t\t\t\t\t<div class=\"elementor-soundcloud-wrapper\">\n\t\t\t\t<iframe width=\"800\" height=\"450\" frameborder=\"no\" src=\"https:\/\/w.soundcloud.com\/player\/?visual=false&#038;url=https%3A%2F%2Fapi.soundcloud.com%2Fusers%2F1248549139&#038;show_artwork=false&#038;maxheight=1000&#038;maxwidth=800&#038;auto_play=false&#038;buying=false&#038;liking=true&#038;download=false&#038;sharing=true&#038;show_comments=false&#038;show_playcount=false&#038;show_user=true&#038;color=61CE70\"><\/iframe>\t\t\t<\/div>\n\t\t\t\t\t<\/div>\n\t\t\t\t<\/div>\n\t\t\t\t\t<\/div>\n\t\t<\/div>\n\t\t\t\t\t<\/div>\n\t\t<\/section>\n\t\t\t\t<section class=\"elementor-section elementor-top-section elementor-element elementor-element-df7ff26 elementor-section-boxed elementor-section-height-default elementor-section-height-default\" data-id=\"df7ff26\" data-element_type=\"section\">\n\t\t\t\t\t\t<div class=\"elementor-container elementor-column-gap-default\">\n\t\t\t\t\t<div class=\"elementor-column elementor-col-50 elementor-top-column elementor-element elementor-element-7d2907d\" data-id=\"7d2907d\" data-element_type=\"column\">\n\t\t\t<div class=\"elementor-widget-wrap elementor-element-populated\">\n\t\t\t\t\t\t<div class=\"elementor-element elementor-element-98da73d elementor-widget elementor-widget-image\" data-id=\"98da73d\" data-element_type=\"widget\" data-widget_type=\"image.default\">\n\t\t\t\t<div class=\"elementor-widget-container\">\n\t\t\t\t\t\t\t\t\t\t\t\t\t<img fetchpriority=\"high\" decoding=\"async\" width=\"4247\" height=\"891\" src=\"https:\/\/hangoutmooc.eu\/wp-content\/uploads\/2023\/07\/Erasmus-logo-1.png\" class=\"attachment-full size-full wp-image-2124\" alt=\"\" srcset=\"https:\/\/hangoutmooc.eu\/wp-content\/uploads\/2023\/07\/Erasmus-logo-1.png 4247w, https:\/\/hangoutmooc.eu\/wp-content\/uploads\/2023\/07\/Erasmus-logo-1-300x63.png 300w, https:\/\/hangoutmooc.eu\/wp-content\/uploads\/2023\/07\/Erasmus-logo-1-1024x215.png 1024w, https:\/\/hangoutmooc.eu\/wp-content\/uploads\/2023\/07\/Erasmus-logo-1-768x161.png 768w, https:\/\/hangoutmooc.eu\/wp-content\/uploads\/2023\/07\/Erasmus-logo-1-1536x322.png 1536w, https:\/\/hangoutmooc.eu\/wp-content\/uploads\/2023\/07\/Erasmus-logo-1-2048x430.png 2048w, https:\/\/hangoutmooc.eu\/wp-content\/uploads\/2023\/07\/Erasmus-logo-1-18x4.png 18w\" sizes=\"(max-width: 4247px) 100vw, 4247px\" \/>\t\t\t\t\t\t\t\t\t\t\t\t\t<\/div>\n\t\t\t\t<\/div>\n\t\t\t\t\t<\/div>\n\t\t<\/div>\n\t\t\t\t<div class=\"elementor-column elementor-col-50 elementor-top-column elementor-element elementor-element-1ca6af3\" data-id=\"1ca6af3\" data-element_type=\"column\">\n\t\t\t<div class=\"elementor-widget-wrap elementor-element-populated\">\n\t\t\t\t\t\t<div class=\"elementor-element elementor-element-d1819bc elementor-widget elementor-widget-text-editor\" data-id=\"d1819bc\" data-element_type=\"widget\" data-widget_type=\"text-editor.default\">\n\t\t\t\t<div class=\"elementor-widget-container\">\n\t\t\t\t\t\t\t<div><div>Le soutien de la Commission europ\u00e9enne \u00e0 la production de cette publication ne constitue pas une\napprobation de son contenu, qui refl\u00e8te uniquement les opinions des auteurs, et la Commission ne\npeut \u00eatre tenue responsable de l&#039;utilisation qui pourrait \u00eatre faite des informations contenues dans\ncette publication.<\/div><\/div>\t\t\t\t\t\t<\/div>\n\t\t\t\t<\/div>\n\t\t\t\t\t<\/div>\n\t\t<\/div>\n\t\t\t\t\t<\/div>\n\t\t<\/section>\n\t\t\t\t<\/div>","protected":false},"excerpt":{"rendered":"<p>Home Project Result Project website Library All Courses 60 sec on&#8230; Youth Mental Health in Focus Peer Pressure Addressing Social [&hellip;]<\/p>","protected":false},"author":1,"featured_media":0,"parent":0,"menu_order":0,"comment_status":"closed","ping_status":"closed","template":"elementor_canvas","meta":{"om_disable_all_campaigns":false,"_monsterinsights_skip_tracking":false,"_monsterinsights_sitenote_active":false,"_monsterinsights_sitenote_note":"","_monsterinsights_sitenote_category":0,"footnotes":""},"aioseo_notices":[],"_links":{"self":[{"href":"https:\/\/hangoutmooc.eu\/fr\/wp-json\/wp\/v2\/pages\/365"}],"collection":[{"href":"https:\/\/hangoutmooc.eu\/fr\/wp-json\/wp\/v2\/pages"}],"about":[{"href":"https:\/\/hangoutmooc.eu\/fr\/wp-json\/wp\/v2\/types\/page"}],"author":[{"embeddable":true,"href":"https:\/\/hangoutmooc.eu\/fr\/wp-json\/wp\/v2\/users\/1"}],"replies":[{"embeddable":true,"href":"https:\/\/hangoutmooc.eu\/fr\/wp-json\/wp\/v2\/comments?post=365"}],"version-history":[{"count":115,"href":"https:\/\/hangoutmooc.eu\/fr\/wp-json\/wp\/v2\/pages\/365\/revisions"}],"predecessor-version":[{"id":2195,"href":"https:\/\/hangoutmooc.eu\/fr\/wp-json\/wp\/v2\/pages\/365\/revisions\/2195"}],"wp:attachment":[{"href":"https:\/\/hangoutmooc.eu\/fr\/wp-json\/wp\/v2\/media?parent=365"}],"curies":[{"name":"wp","href":"https:\/\/api.w.org\/{rel}","templated":true}]}}